{"id":1063,"date":"2025-09-16T06:58:59","date_gmt":"2025-09-16T06:58:59","guid":{"rendered":"https:\/\/www.merteretiket.com\/?post_type=product&#038;p=1063"},"modified":"2025-09-16T06:58:59","modified_gmt":"2025-09-16T06:58:59","slug":"powerbank-organizer-ayr-090","status":"publish","type":"product","link":"http:\/\/www.merteretiket.com\/index.php\/urun\/powerbank-organizer-ayr-090\/","title":{"rendered":"Powerbank Organizer (AYR-090)"},"content":{"rendered":"<p>Materyal: PU Deri<\/p>\n<p>Giri\u015f: DC5V 2A (Max) Micro<\/p>\n<p>\u00c7\u0131k\u0131\u015f: DC5V 2.1A (Max) 1 USB<\/p>\n<p>Bask\u0131: UV Renkli Bask\u0131<\/p>\n<p>Ebat: 180 x 225 mm<\/p>\n<p>Kutu: Siyah Hediye Kutusu<\/p>\n<p>\u00dcr\u00fcn dahilinde \u015farj kablosu bulunmaktad\u0131r<\/p>\n<p>\u00dcr\u00fcn Ebat\u0131: 6.500 mAh<\/p>\n","protected":false},"excerpt":{"rendered":"<p>Materyal: PU Deri Giri\u015f: DC5V 2A (Max) Micro \u00c7\u0131k\u0131\u015f: DC5V 2.1A (Max) 1 USB Bask\u0131: UV Renkli Bask\u0131 Ebat: 180 x 225 mm Kutu: Siyah Hediye Kutusu \u00dcr\u00fcn dahilinde \u015farj kablosu bulunmaktad\u0131r \u00dcr\u00fcn Ebat\u0131: 6.500 mAh<\/p>\n","protected":false},"featured_media":1064,"comment_status":"open","ping_status":"closed","template":"","meta":{"_joinchat":[]},"product_brand":[],"product_cat":[53,68],"product_tag":[],"class_list":{"0":"post-1063","1":"product","2":"type-product","3":"status-publish","4":"has-post-thumbnail","6":"product_cat-promosyon-urunleri","7":"product_cat-teknolojik-urunler","9":"first","10":"instock","11":"shipping-taxable","12":"product-type-simple"},"_links":{"self":[{"href":"http:\/\/www.merteretiket.com\/index.php\/wp-json\/wp\/v2\/product\/1063"}],"collection":[{"href":"http:\/\/www.merteretiket.com\/index.php\/wp-json\/wp\/v2\/product"}],"about":[{"href":"http:\/\/www.merteretiket.com\/index.php\/wp-json\/wp\/v2\/types\/product"}],"replies":[{"embeddable":true,"href":"http:\/\/www.merteretiket.com\/index.php\/wp-json\/wp\/v2\/comments?post=1063"}],"wp:featuredmedia":[{"embeddable":true,"href":"http:\/\/www.merteretiket.com\/index.php\/wp-json\/wp\/v2\/media\/1064"}],"wp:attachment":[{"href":"http:\/\/www.merteretiket.com\/index.php\/wp-json\/wp\/v2\/media?parent=1063"}],"wp:term":[{"taxonomy":"product_brand","embeddable":true,"href":"http:\/\/www.merteretiket.com\/index.php\/wp-json\/wp\/v2\/product_brand?post=1063"},{"taxonomy":"product_cat","embeddable":true,"href":"http:\/\/www.merteretiket.com\/index.php\/wp-json\/wp\/v2\/product_cat?post=1063"},{"taxonomy":"product_tag","embeddable":true,"href":"http:\/\/www.merteretiket.com\/index.php\/wp-json\/wp\/v2\/product_tag?post=1063"}],"curies":[{"name":"wp","href":"https:\/\/api.w.org\/{rel}","templated":true}]}}