{"id":1065,"date":"2025-09-16T07:00:47","date_gmt":"2025-09-16T07:00:47","guid":{"rendered":"https:\/\/www.merteretiket.com\/?post_type=product&#038;p=1065"},"modified":"2025-09-16T07:00:47","modified_gmt":"2025-09-16T07:00:47","slug":"powerbank-organizer-ayr-092","status":"publish","type":"product","link":"http:\/\/www.merteretiket.com\/index.php\/urun\/powerbank-organizer-ayr-092\/","title":{"rendered":"Powerbank Organizer (AYR-092)"},"content":{"rendered":"<p>G\u00f6sterge: Kademeli LED I\u015f\u0131k<\/p>\n<p>Giri\u015f: USB-C<\/p>\n<p>\u00c7\u0131k\u0131\u015f 1: 2A USB-A<\/p>\n<p>\u00c7\u0131k\u0131\u015f 2: 5W Wireless<\/p>\n<p>Materyal: PU Deri<\/p>\n<p>Bask\u0131: UV Renkli Bask\u0131<\/p>\n<p>Ebat: A5<\/p>\n<p>Kutu: Siyah Hediye Kutusu<\/p>\n<p>\u00dcr\u00fcn dahilinde \u015farj kablosu bulunmaktad\u0131r<\/p>\n<p>\u00dcr\u00fcn Ebat\u0131: 6.500 mAh<\/p>\n","protected":false},"excerpt":{"rendered":"<p>G\u00f6sterge: Kademeli LED I\u015f\u0131k Giri\u015f: USB-C \u00c7\u0131k\u0131\u015f 1: 2A USB-A \u00c7\u0131k\u0131\u015f 2: 5W Wireless Materyal: PU Deri Bask\u0131: UV Renkli Bask\u0131 Ebat: A5 Kutu: Siyah Hediye Kutusu \u00dcr\u00fcn dahilinde \u015farj kablosu bulunmaktad\u0131r \u00dcr\u00fcn Ebat\u0131: 6.500 mAh<\/p>\n","protected":false},"featured_media":1066,"comment_status":"open","ping_status":"closed","template":"","meta":{"_joinchat":[]},"product_brand":[],"product_cat":[53,68],"product_tag":[],"class_list":{"0":"post-1065","1":"product","2":"type-product","3":"status-publish","4":"has-post-thumbnail","6":"product_cat-promosyon-urunleri","7":"product_cat-teknolojik-urunler","9":"first","10":"instock","11":"shipping-taxable","12":"product-type-simple"},"_links":{"self":[{"href":"http:\/\/www.merteretiket.com\/index.php\/wp-json\/wp\/v2\/product\/1065"}],"collection":[{"href":"http:\/\/www.merteretiket.com\/index.php\/wp-json\/wp\/v2\/product"}],"about":[{"href":"http:\/\/www.merteretiket.com\/index.php\/wp-json\/wp\/v2\/types\/product"}],"replies":[{"embeddable":true,"href":"http:\/\/www.merteretiket.com\/index.php\/wp-json\/wp\/v2\/comments?post=1065"}],"wp:featuredmedia":[{"embeddable":true,"href":"http:\/\/www.merteretiket.com\/index.php\/wp-json\/wp\/v2\/media\/1066"}],"wp:attachment":[{"href":"http:\/\/www.merteretiket.com\/index.php\/wp-json\/wp\/v2\/media?parent=1065"}],"wp:term":[{"taxonomy":"product_brand","embeddable":true,"href":"http:\/\/www.merteretiket.com\/index.php\/wp-json\/wp\/v2\/product_brand?post=1065"},{"taxonomy":"product_cat","embeddable":true,"href":"http:\/\/www.merteretiket.com\/index.php\/wp-json\/wp\/v2\/product_cat?post=1065"},{"taxonomy":"product_tag","embeddable":true,"href":"http:\/\/www.merteretiket.com\/index.php\/wp-json\/wp\/v2\/product_tag?post=1065"}],"curies":[{"name":"wp","href":"https:\/\/api.w.org\/{rel}","templated":true}]}}