{"id":1067,"date":"2025-09-16T07:02:14","date_gmt":"2025-09-16T07:02:14","guid":{"rendered":"https:\/\/www.merteretiket.com\/?post_type=product&#038;p=1067"},"modified":"2025-09-16T07:03:51","modified_gmt":"2025-09-16T07:03:51","slug":"powerbank-ayr-063","status":"publish","type":"product","link":"http:\/\/www.merteretiket.com\/index.php\/urun\/powerbank-ayr-063\/","title":{"rendered":"Powerbank-LED Fener (AYR-063)"},"content":{"rendered":"<p>LED Fener<\/p>\n<p>G\u00f6sterge: 3. Nesil LCD Ekran<\/p>\n<p>Giri\u015f: Micro USB \/ USB-C<\/p>\n<p>\u00c7\u0131k\u0131\u015f 1: 2A USB-A<\/p>\n<p>\u00c7\u0131k\u0131\u015f 2: 2A USB-A<\/p>\n<p>Materyal: ABS<\/p>\n<p>Bask\u0131: Lazer, UV<\/p>\n<p>Kutu: Siyah Hediye Kutusu<\/p>\n<p>\u00dcr\u00fcn dahilinde \u015farj kablosu bulunmaktad\u0131r<\/p>\n<p>\u00dcr\u00fcn Ebat\u0131: 20.000 mAh<\/p>\n","protected":false},"excerpt":{"rendered":"<p>LED Fener G\u00f6sterge: 3. Nesil LCD Ekran Giri\u015f: Micro USB \/ USB-C \u00c7\u0131k\u0131\u015f 1: 2A USB-A \u00c7\u0131k\u0131\u015f 2: 2A USB-A Materyal: ABS Bask\u0131: Lazer, UV Kutu: Siyah Hediye Kutusu \u00dcr\u00fcn dahilinde \u015farj kablosu bulunmaktad\u0131r \u00dcr\u00fcn Ebat\u0131: 20.000 mAh<\/p>\n","protected":false},"featured_media":1068,"comment_status":"open","ping_status":"closed","template":"","meta":{"_joinchat":[]},"product_brand":[],"product_cat":[53,68],"product_tag":[],"class_list":{"0":"post-1067","1":"product","2":"type-product","3":"status-publish","4":"has-post-thumbnail","6":"product_cat-promosyon-urunleri","7":"product_cat-teknolojik-urunler","9":"first","10":"instock","11":"shipping-taxable","12":"product-type-simple"},"_links":{"self":[{"href":"http:\/\/www.merteretiket.com\/index.php\/wp-json\/wp\/v2\/product\/1067"}],"collection":[{"href":"http:\/\/www.merteretiket.com\/index.php\/wp-json\/wp\/v2\/product"}],"about":[{"href":"http:\/\/www.merteretiket.com\/index.php\/wp-json\/wp\/v2\/types\/product"}],"replies":[{"embeddable":true,"href":"http:\/\/www.merteretiket.com\/index.php\/wp-json\/wp\/v2\/comments?post=1067"}],"wp:featuredmedia":[{"embeddable":true,"href":"http:\/\/www.merteretiket.com\/index.php\/wp-json\/wp\/v2\/media\/1068"}],"wp:attachment":[{"href":"http:\/\/www.merteretiket.com\/index.php\/wp-json\/wp\/v2\/media?parent=1067"}],"wp:term":[{"taxonomy":"product_brand","embeddable":true,"href":"http:\/\/www.merteretiket.com\/index.php\/wp-json\/wp\/v2\/product_brand?post=1067"},{"taxonomy":"product_cat","embeddable":true,"href":"http:\/\/www.merteretiket.com\/index.php\/wp-json\/wp\/v2\/product_cat?post=1067"},{"taxonomy":"product_tag","embeddable":true,"href":"http:\/\/www.merteretiket.com\/index.php\/wp-json\/wp\/v2\/product_tag?post=1067"}],"curies":[{"name":"wp","href":"https:\/\/api.w.org\/{rel}","templated":true}]}}