{"id":1073,"date":"2025-09-16T07:08:13","date_gmt":"2025-09-16T07:08:13","guid":{"rendered":"https:\/\/www.merteretiket.com\/?post_type=product&#038;p=1073"},"modified":"2025-09-16T07:08:13","modified_gmt":"2025-09-16T07:08:13","slug":"powerbank-4-kademeli-led-ayr-069","status":"publish","type":"product","link":"http:\/\/www.merteretiket.com\/index.php\/urun\/powerbank-4-kademeli-led-ayr-069\/","title":{"rendered":"Powerbank &#8211; 4 Kademeli LED (AYR-069)"},"content":{"rendered":"<p>G\u00f6sterge: 4 Kademeli LED<\/p>\n<p>Giri\u015f: Micro USB ve Dahili USB-A<\/p>\n<p>\u00c7\u0131k\u0131\u015f 1: 2A USB-A<\/p>\n<p>\u00c7\u0131k\u0131\u015f 2: Dahili IOS Kablo<\/p>\n<p>\u00c7\u0131k\u0131\u015f 3: Dahili USB-C Kablo<\/p>\n<p>\u00c7\u0131k\u0131\u015f 4: Dahili Micro USB Kablo<\/p>\n<p>Materyal: ABS ve Cam G\u00f6r\u00fcn\u00fcm<\/p>\n<p>Bask\u0131: UV Renkli Bask\u0131<\/p>\n<p>Kutu: Siyah Hediye Kutusu<\/p>\n<p>LED Fenerli<\/p>\n<p>\u00dcr\u00fcn Ebat\u0131: 10.000 mAh<\/p>\n","protected":false},"excerpt":{"rendered":"<p>G\u00f6sterge: 4 Kademeli LED Giri\u015f: Micro USB ve Dahili USB-A \u00c7\u0131k\u0131\u015f 1: 2A USB-A \u00c7\u0131k\u0131\u015f 2: Dahili IOS Kablo \u00c7\u0131k\u0131\u015f 3: Dahili USB-C Kablo \u00c7\u0131k\u0131\u015f 4: Dahili Micro USB Kablo Materyal: ABS ve Cam G\u00f6r\u00fcn\u00fcm Bask\u0131: UV Renkli Bask\u0131 Kutu: Siyah Hediye Kutusu LED Fenerli \u00dcr\u00fcn Ebat\u0131: 10.000 mAh<\/p>\n","protected":false},"featured_media":1074,"comment_status":"open","ping_status":"closed","template":"","meta":{"_joinchat":[]},"product_brand":[],"product_cat":[53,68],"product_tag":[],"class_list":{"0":"post-1073","1":"product","2":"type-product","3":"status-publish","4":"has-post-thumbnail","6":"product_cat-promosyon-urunleri","7":"product_cat-teknolojik-urunler","9":"first","10":"instock","11":"shipping-taxable","12":"product-type-simple"},"_links":{"self":[{"href":"http:\/\/www.merteretiket.com\/index.php\/wp-json\/wp\/v2\/product\/1073"}],"collection":[{"href":"http:\/\/www.merteretiket.com\/index.php\/wp-json\/wp\/v2\/product"}],"about":[{"href":"http:\/\/www.merteretiket.com\/index.php\/wp-json\/wp\/v2\/types\/product"}],"replies":[{"embeddable":true,"href":"http:\/\/www.merteretiket.com\/index.php\/wp-json\/wp\/v2\/comments?post=1073"}],"wp:featuredmedia":[{"embeddable":true,"href":"http:\/\/www.merteretiket.com\/index.php\/wp-json\/wp\/v2\/media\/1074"}],"wp:attachment":[{"href":"http:\/\/www.merteretiket.com\/index.php\/wp-json\/wp\/v2\/media?parent=1073"}],"wp:term":[{"taxonomy":"product_brand","embeddable":true,"href":"http:\/\/www.merteretiket.com\/index.php\/wp-json\/wp\/v2\/product_brand?post=1073"},{"taxonomy":"product_cat","embeddable":true,"href":"http:\/\/www.merteretiket.com\/index.php\/wp-json\/wp\/v2\/product_cat?post=1073"},{"taxonomy":"product_tag","embeddable":true,"href":"http:\/\/www.merteretiket.com\/index.php\/wp-json\/wp\/v2\/product_tag?post=1073"}],"curies":[{"name":"wp","href":"https:\/\/api.w.org\/{rel}","templated":true}]}}