{"id":1079,"date":"2025-09-16T07:44:39","date_gmt":"2025-09-16T07:44:39","guid":{"rendered":"https:\/\/www.merteretiket.com\/?post_type=product&#038;p=1079"},"modified":"2025-09-16T07:49:03","modified_gmt":"2025-09-16T07:49:03","slug":"kart-usb-bellek-ayr-100","status":"publish","type":"product","link":"http:\/\/www.merteretiket.com\/index.php\/urun\/kart-usb-bellek-ayr-100\/","title":{"rendered":"Kart  USB  Bellek ( AYR &#8211; 100 )"},"content":{"rendered":"<p>Ebat: 8,5 x 5,3 cm<\/p>\n<p>Bask\u0131: Dijital<\/p>\n<p>\u00dcr\u00fcn Ebat\u0131: 16 GB<\/p>\n","protected":false},"excerpt":{"rendered":"<p>Ebat: 8,5 x 5,3 cm Bask\u0131: Dijital \u00dcr\u00fcn Ebat\u0131: 16 GB<\/p>\n","protected":false},"featured_media":1080,"comment_status":"open","ping_status":"closed","template":"","meta":{"_joinchat":[]},"product_brand":[],"product_cat":[53,68],"product_tag":[],"class_list":{"0":"post-1079","1":"product","2":"type-product","3":"status-publish","4":"has-post-thumbnail","6":"product_cat-promosyon-urunleri","7":"product_cat-teknolojik-urunler","9":"first","10":"instock","11":"shipping-taxable","12":"product-type-simple"},"_links":{"self":[{"href":"http:\/\/www.merteretiket.com\/index.php\/wp-json\/wp\/v2\/product\/1079"}],"collection":[{"href":"http:\/\/www.merteretiket.com\/index.php\/wp-json\/wp\/v2\/product"}],"about":[{"href":"http:\/\/www.merteretiket.com\/index.php\/wp-json\/wp\/v2\/types\/product"}],"replies":[{"embeddable":true,"href":"http:\/\/www.merteretiket.com\/index.php\/wp-json\/wp\/v2\/comments?post=1079"}],"wp:featuredmedia":[{"embeddable":true,"href":"http:\/\/www.merteretiket.com\/index.php\/wp-json\/wp\/v2\/media\/1080"}],"wp:attachment":[{"href":"http:\/\/www.merteretiket.com\/index.php\/wp-json\/wp\/v2\/media?parent=1079"}],"wp:term":[{"taxonomy":"product_brand","embeddable":true,"href":"http:\/\/www.merteretiket.com\/index.php\/wp-json\/wp\/v2\/product_brand?post=1079"},{"taxonomy":"product_cat","embeddable":true,"href":"http:\/\/www.merteretiket.com\/index.php\/wp-json\/wp\/v2\/product_cat?post=1079"},{"taxonomy":"product_tag","embeddable":true,"href":"http:\/\/www.merteretiket.com\/index.php\/wp-json\/wp\/v2\/product_tag?post=1079"}],"curies":[{"name":"wp","href":"https:\/\/api.w.org\/{rel}","templated":true}]}}