{"id":1083,"date":"2025-09-16T07:46:57","date_gmt":"2025-09-16T07:46:57","guid":{"rendered":"https:\/\/www.merteretiket.com\/?post_type=product&#038;p=1083"},"modified":"2025-09-16T07:46:57","modified_gmt":"2025-09-16T07:46:57","slug":"kristal-usb-bellek-ayr-103","status":"publish","type":"product","link":"http:\/\/www.merteretiket.com\/index.php\/urun\/kristal-usb-bellek-ayr-103\/","title":{"rendered":"Kristal USB Bellek (AYR-103)"},"content":{"rendered":"<p>Metal<\/p>\n<p>Kristal<\/p>\n<p>I\u015f\u0131kl\u0131<\/p>\n<p>\u00dcr\u00fcn Ebat\u0131: 16 GB<\/p>\n","protected":false},"excerpt":{"rendered":"<p>Metal Kristal I\u015f\u0131kl\u0131 \u00dcr\u00fcn Ebat\u0131: 16 GB<\/p>\n","protected":false},"featured_media":1084,"comment_status":"open","ping_status":"closed","template":"","meta":{"_joinchat":[]},"product_brand":[],"product_cat":[53,68],"product_tag":[],"class_list":{"0":"post-1083","1":"product","2":"type-product","3":"status-publish","4":"has-post-thumbnail","6":"product_cat-promosyon-urunleri","7":"product_cat-teknolojik-urunler","9":"first","10":"instock","11":"shipping-taxable","12":"product-type-simple"},"_links":{"self":[{"href":"http:\/\/www.merteretiket.com\/index.php\/wp-json\/wp\/v2\/product\/1083"}],"collection":[{"href":"http:\/\/www.merteretiket.com\/index.php\/wp-json\/wp\/v2\/product"}],"about":[{"href":"http:\/\/www.merteretiket.com\/index.php\/wp-json\/wp\/v2\/types\/product"}],"replies":[{"embeddable":true,"href":"http:\/\/www.merteretiket.com\/index.php\/wp-json\/wp\/v2\/comments?post=1083"}],"wp:featuredmedia":[{"embeddable":true,"href":"http:\/\/www.merteretiket.com\/index.php\/wp-json\/wp\/v2\/media\/1084"}],"wp:attachment":[{"href":"http:\/\/www.merteretiket.com\/index.php\/wp-json\/wp\/v2\/media?parent=1083"}],"wp:term":[{"taxonomy":"product_brand","embeddable":true,"href":"http:\/\/www.merteretiket.com\/index.php\/wp-json\/wp\/v2\/product_brand?post=1083"},{"taxonomy":"product_cat","embeddable":true,"href":"http:\/\/www.merteretiket.com\/index.php\/wp-json\/wp\/v2\/product_cat?post=1083"},{"taxonomy":"product_tag","embeddable":true,"href":"http:\/\/www.merteretiket.com\/index.php\/wp-json\/wp\/v2\/product_tag?post=1083"}],"curies":[{"name":"wp","href":"https:\/\/api.w.org\/{rel}","templated":true}]}}