{"id":1089,"date":"2025-09-16T07:55:16","date_gmt":"2025-09-16T07:55:16","guid":{"rendered":"https:\/\/www.merteretiket.com\/?post_type=product&#038;p=1089"},"modified":"2025-09-16T07:55:16","modified_gmt":"2025-09-16T07:55:16","slug":"wireless-sarjli-mouse-pad-ayr-118","status":"publish","type":"product","link":"http:\/\/www.merteretiket.com\/index.php\/urun\/wireless-sarjli-mouse-pad-ayr-118\/","title":{"rendered":"Wireless \u015earjl\u0131 Mouse Pad (AYR-118)"},"content":{"rendered":"<p>Materyal: PU Deri<\/p>\n<p>Uyumlu Cihazlar: T\u00fcm Wireless Cihazlar<\/p>\n<p>Bask\u0131: UV Renkli Bask\u0131<\/p>\n<p>Kutu: Siyah Hediye Kutusu<\/p>\n<p>\u00dcr\u00fcn dahilinde \u015farj kablosu bulunmaktad\u0131r<\/p>\n","protected":false},"excerpt":{"rendered":"<p>Materyal: PU Deri Uyumlu Cihazlar: T\u00fcm Wireless Cihazlar Bask\u0131: UV Renkli Bask\u0131 Kutu: Siyah Hediye Kutusu \u00dcr\u00fcn dahilinde \u015farj kablosu bulunmaktad\u0131r<\/p>\n","protected":false},"featured_media":1090,"comment_status":"open","ping_status":"closed","template":"","meta":{"_joinchat":[]},"product_brand":[],"product_cat":[53,68],"product_tag":[],"class_list":{"0":"post-1089","1":"product","2":"type-product","3":"status-publish","4":"has-post-thumbnail","6":"product_cat-promosyon-urunleri","7":"product_cat-teknolojik-urunler","9":"first","10":"instock","11":"shipping-taxable","12":"product-type-simple"},"_links":{"self":[{"href":"http:\/\/www.merteretiket.com\/index.php\/wp-json\/wp\/v2\/product\/1089"}],"collection":[{"href":"http:\/\/www.merteretiket.com\/index.php\/wp-json\/wp\/v2\/product"}],"about":[{"href":"http:\/\/www.merteretiket.com\/index.php\/wp-json\/wp\/v2\/types\/product"}],"replies":[{"embeddable":true,"href":"http:\/\/www.merteretiket.com\/index.php\/wp-json\/wp\/v2\/comments?post=1089"}],"wp:featuredmedia":[{"embeddable":true,"href":"http:\/\/www.merteretiket.com\/index.php\/wp-json\/wp\/v2\/media\/1090"}],"wp:attachment":[{"href":"http:\/\/www.merteretiket.com\/index.php\/wp-json\/wp\/v2\/media?parent=1089"}],"wp:term":[{"taxonomy":"product_brand","embeddable":true,"href":"http:\/\/www.merteretiket.com\/index.php\/wp-json\/wp\/v2\/product_brand?post=1089"},{"taxonomy":"product_cat","embeddable":true,"href":"http:\/\/www.merteretiket.com\/index.php\/wp-json\/wp\/v2\/product_cat?post=1089"},{"taxonomy":"product_tag","embeddable":true,"href":"http:\/\/www.merteretiket.com\/index.php\/wp-json\/wp\/v2\/product_tag?post=1089"}],"curies":[{"name":"wp","href":"https:\/\/api.w.org\/{rel}","templated":true}]}}