{"id":1093,"date":"2025-09-16T08:07:38","date_gmt":"2025-09-16T08:07:38","guid":{"rendered":"https:\/\/www.merteretiket.com\/?post_type=product&#038;p=1093"},"modified":"2025-09-16T08:07:38","modified_gmt":"2025-09-16T08:07:38","slug":"metal-duvar-saati-ayr-639","status":"publish","type":"product","link":"http:\/\/www.merteretiket.com\/index.php\/urun\/metal-duvar-saati-ayr-639\/","title":{"rendered":"Metal Duvar Saati (AYR- 639)"},"content":{"rendered":"<p>Paslanmaz Metal<\/p>\n<p>Mineral Cam<\/p>\n<p>Akar Saniye<\/p>\n<p>Bristol Metalize<\/p>\n<p>Bask\u0131: Ofset, Dijital, Serigrafi<\/p>\n<p>\u00dcr\u00fcn Ebat\u0131: \u00d8 35 cm<\/p>\n","protected":false},"excerpt":{"rendered":"<p>Paslanmaz Metal Mineral Cam Akar Saniye Bristol Metalize Bask\u0131: Ofset, Dijital, Serigrafi \u00dcr\u00fcn Ebat\u0131: \u00d8 35 cm<\/p>\n","protected":false},"featured_media":1094,"comment_status":"open","ping_status":"closed","template":"","meta":{"_joinchat":[]},"product_brand":[],"product_cat":[53,69],"product_tag":[],"class_list":{"0":"post-1093","1":"product","2":"type-product","3":"status-publish","4":"has-post-thumbnail","6":"product_cat-promosyon-urunleri","7":"product_cat-saatler","9":"first","10":"instock","11":"shipping-taxable","12":"product-type-simple"},"_links":{"self":[{"href":"http:\/\/www.merteretiket.com\/index.php\/wp-json\/wp\/v2\/product\/1093"}],"collection":[{"href":"http:\/\/www.merteretiket.com\/index.php\/wp-json\/wp\/v2\/product"}],"about":[{"href":"http:\/\/www.merteretiket.com\/index.php\/wp-json\/wp\/v2\/types\/product"}],"replies":[{"embeddable":true,"href":"http:\/\/www.merteretiket.com\/index.php\/wp-json\/wp\/v2\/comments?post=1093"}],"wp:featuredmedia":[{"embeddable":true,"href":"http:\/\/www.merteretiket.com\/index.php\/wp-json\/wp\/v2\/media\/1094"}],"wp:attachment":[{"href":"http:\/\/www.merteretiket.com\/index.php\/wp-json\/wp\/v2\/media?parent=1093"}],"wp:term":[{"taxonomy":"product_brand","embeddable":true,"href":"http:\/\/www.merteretiket.com\/index.php\/wp-json\/wp\/v2\/product_brand?post=1093"},{"taxonomy":"product_cat","embeddable":true,"href":"http:\/\/www.merteretiket.com\/index.php\/wp-json\/wp\/v2\/product_cat?post=1093"},{"taxonomy":"product_tag","embeddable":true,"href":"http:\/\/www.merteretiket.com\/index.php\/wp-json\/wp\/v2\/product_tag?post=1093"}],"curies":[{"name":"wp","href":"https:\/\/api.w.org\/{rel}","templated":true}]}}