{"id":1099,"date":"2025-09-16T08:13:41","date_gmt":"2025-09-16T08:13:41","guid":{"rendered":"https:\/\/www.merteretiket.com\/?post_type=product&#038;p=1099"},"modified":"2025-09-16T08:13:41","modified_gmt":"2025-09-16T08:13:41","slug":"metalize-duvar-saati-ayr-656","status":"publish","type":"product","link":"http:\/\/www.merteretiket.com\/index.php\/urun\/metalize-duvar-saati-ayr-656\/","title":{"rendered":"Metalize Duvar Saati (AYR- 656)"},"content":{"rendered":"<p>Metalize Plastik<\/p>\n<p>Mineral Cam<\/p>\n<p>Akar Saniye<\/p>\n<p>Bristol Kadran <\/p>\n<p>Bask\u0131: Ofset, Dijital<\/p>\n<p>\u00dcr\u00fcn Ebat\u0131: \u00d8 40 cm<\/p>\n","protected":false},"excerpt":{"rendered":"<p>Metalize Plastik Mineral Cam Akar Saniye Bristol Kadran Bask\u0131: Ofset, Dijital \u00dcr\u00fcn Ebat\u0131: \u00d8 40 cm<\/p>\n","protected":false},"featured_media":1100,"comment_status":"open","ping_status":"closed","template":"","meta":{"_joinchat":[]},"product_brand":[],"product_cat":[53,69],"product_tag":[],"class_list":{"0":"post-1099","1":"product","2":"type-product","3":"status-publish","4":"has-post-thumbnail","6":"product_cat-promosyon-urunleri","7":"product_cat-saatler","9":"first","10":"instock","11":"shipping-taxable","12":"product-type-simple"},"_links":{"self":[{"href":"http:\/\/www.merteretiket.com\/index.php\/wp-json\/wp\/v2\/product\/1099"}],"collection":[{"href":"http:\/\/www.merteretiket.com\/index.php\/wp-json\/wp\/v2\/product"}],"about":[{"href":"http:\/\/www.merteretiket.com\/index.php\/wp-json\/wp\/v2\/types\/product"}],"replies":[{"embeddable":true,"href":"http:\/\/www.merteretiket.com\/index.php\/wp-json\/wp\/v2\/comments?post=1099"}],"wp:featuredmedia":[{"embeddable":true,"href":"http:\/\/www.merteretiket.com\/index.php\/wp-json\/wp\/v2\/media\/1100"}],"wp:attachment":[{"href":"http:\/\/www.merteretiket.com\/index.php\/wp-json\/wp\/v2\/media?parent=1099"}],"wp:term":[{"taxonomy":"product_brand","embeddable":true,"href":"http:\/\/www.merteretiket.com\/index.php\/wp-json\/wp\/v2\/product_brand?post=1099"},{"taxonomy":"product_cat","embeddable":true,"href":"http:\/\/www.merteretiket.com\/index.php\/wp-json\/wp\/v2\/product_cat?post=1099"},{"taxonomy":"product_tag","embeddable":true,"href":"http:\/\/www.merteretiket.com\/index.php\/wp-json\/wp\/v2\/product_tag?post=1099"}],"curies":[{"name":"wp","href":"https:\/\/api.w.org\/{rel}","templated":true}]}}