{"id":1138,"date":"2025-09-18T11:25:22","date_gmt":"2025-09-18T11:25:22","guid":{"rendered":"https:\/\/www.merteretiket.com\/?post_type=product&#038;p=1138"},"modified":"2025-09-18T11:25:22","modified_gmt":"2025-09-18T11:25:22","slug":"kartvizitlik-ayr-550","status":"publish","type":"product","link":"https:\/\/www.merteretiket.com\/index.php\/urun\/kartvizitlik-ayr-550\/","title":{"rendered":"Kartvizitlik (AYR-550)"},"content":{"rendered":"<p>Bask\u0131: Lazer<\/p>\n<p>\u00dcr\u00fcn Ebat\u0131: 9,5 x 6 cm<\/p>\n","protected":false},"excerpt":{"rendered":"<p>Bask\u0131: Lazer \u00dcr\u00fcn Ebat\u0131: 9,5 x 6 cm<\/p>\n","protected":false},"featured_media":1139,"comment_status":"open","ping_status":"closed","template":"","meta":{"_joinchat":[]},"product_brand":[],"product_cat":[74,53],"product_tag":[],"class_list":{"0":"post-1138","1":"product","2":"type-product","3":"status-publish","4":"has-post-thumbnail","6":"product_cat-kartvizitler","7":"product_cat-promosyon-urunleri","9":"first","10":"instock","11":"shipping-taxable","12":"product-type-simple"},"_links":{"self":[{"href":"https:\/\/www.merteretiket.com\/index.php\/wp-json\/wp\/v2\/product\/1138"}],"collection":[{"href":"https:\/\/www.merteretiket.com\/index.php\/wp-json\/wp\/v2\/product"}],"about":[{"href":"https:\/\/www.merteretiket.com\/index.php\/wp-json\/wp\/v2\/types\/product"}],"replies":[{"embeddable":true,"href":"https:\/\/www.merteretiket.com\/index.php\/wp-json\/wp\/v2\/comments?post=1138"}],"wp:featuredmedia":[{"embeddable":true,"href":"https:\/\/www.merteretiket.com\/index.php\/wp-json\/wp\/v2\/media\/1139"}],"wp:attachment":[{"href":"https:\/\/www.merteretiket.com\/index.php\/wp-json\/wp\/v2\/media?parent=1138"}],"wp:term":[{"taxonomy":"product_brand","embeddable":true,"href":"https:\/\/www.merteretiket.com\/index.php\/wp-json\/wp\/v2\/product_brand?post=1138"},{"taxonomy":"product_cat","embeddable":true,"href":"https:\/\/www.merteretiket.com\/index.php\/wp-json\/wp\/v2\/product_cat?post=1138"},{"taxonomy":"product_tag","embeddable":true,"href":"https:\/\/www.merteretiket.com\/index.php\/wp-json\/wp\/v2\/product_tag?post=1138"}],"curies":[{"name":"wp","href":"https:\/\/api.w.org\/{rel}","templated":true}]}}