{"id":1140,"date":"2025-09-18T11:26:36","date_gmt":"2025-09-18T11:26:36","guid":{"rendered":"https:\/\/www.merteretiket.com\/?post_type=product&#038;p=1140"},"modified":"2025-09-18T11:26:36","modified_gmt":"2025-09-18T11:26:36","slug":"deri-dikey-kartvizitlik-ayr-555","status":"publish","type":"product","link":"https:\/\/www.merteretiket.com\/index.php\/urun\/deri-dikey-kartvizitlik-ayr-555\/","title":{"rendered":"Deri Dikey Kartvizitlik (AYR-555)"},"content":{"rendered":"<p>Bask\u0131: Lazer, Serigrafi<\/p>\n<p>\u00dcr\u00fcn Ebat\u0131: 6,5 x 9,4 cm<\/p>\n","protected":false},"excerpt":{"rendered":"<p>Bask\u0131: Lazer, Serigrafi \u00dcr\u00fcn Ebat\u0131: 6,5 x 9,4 cm<\/p>\n","protected":false},"featured_media":1141,"comment_status":"open","ping_status":"closed","template":"","meta":{"_joinchat":[]},"product_brand":[],"product_cat":[74,53],"product_tag":[],"class_list":{"0":"post-1140","1":"product","2":"type-product","3":"status-publish","4":"has-post-thumbnail","6":"product_cat-kartvizitler","7":"product_cat-promosyon-urunleri","9":"first","10":"instock","11":"shipping-taxable","12":"product-type-simple"},"_links":{"self":[{"href":"https:\/\/www.merteretiket.com\/index.php\/wp-json\/wp\/v2\/product\/1140"}],"collection":[{"href":"https:\/\/www.merteretiket.com\/index.php\/wp-json\/wp\/v2\/product"}],"about":[{"href":"https:\/\/www.merteretiket.com\/index.php\/wp-json\/wp\/v2\/types\/product"}],"replies":[{"embeddable":true,"href":"https:\/\/www.merteretiket.com\/index.php\/wp-json\/wp\/v2\/comments?post=1140"}],"wp:featuredmedia":[{"embeddable":true,"href":"https:\/\/www.merteretiket.com\/index.php\/wp-json\/wp\/v2\/media\/1141"}],"wp:attachment":[{"href":"https:\/\/www.merteretiket.com\/index.php\/wp-json\/wp\/v2\/media?parent=1140"}],"wp:term":[{"taxonomy":"product_brand","embeddable":true,"href":"https:\/\/www.merteretiket.com\/index.php\/wp-json\/wp\/v2\/product_brand?post=1140"},{"taxonomy":"product_cat","embeddable":true,"href":"https:\/\/www.merteretiket.com\/index.php\/wp-json\/wp\/v2\/product_cat?post=1140"},{"taxonomy":"product_tag","embeddable":true,"href":"https:\/\/www.merteretiket.com\/index.php\/wp-json\/wp\/v2\/product_tag?post=1140"}],"curies":[{"name":"wp","href":"https:\/\/api.w.org\/{rel}","templated":true}]}}